{"id":745,"date":"2023-08-03T14:15:44","date_gmt":"2023-08-03T12:15:44","guid":{"rendered":"https:\/\/www.finepackagingmanufacturers.com\/?page_id=745"},"modified":"2025-02-28T16:51:00","modified_gmt":"2025-02-28T15:51:00","slug":"contact","status":"publish","type":"page","link":"https:\/\/www.finepackagingmanufacturers.com\/en\/contact\/","title":{"rendered":"Contact"},"content":{"rendered":"\t\t<div data-elementor-type=\"wp-page\" data-elementor-id=\"745\" class=\"elementor elementor-745\" data-elementor-settings=\"{&quot;ha_cmc_init_switcher&quot;:&quot;no&quot;}\" data-elementor-post-type=\"page\">\n\t\t\t\t\t\t<section class=\"elementor-section elementor-top-section elementor-element elementor-element-15fd316 elementor-section-full_width elementor-section-height-default elementor-section-height-default\" data-id=\"15fd316\" data-element_type=\"section\" data-e-type=\"section\" data-settings=\"{&quot;_ha_eqh_enable&quot;:false}\">\n\t\t\t\t\t\t<div class=\"elementor-container elementor-column-gap-default\">\n\t\t\t\t\t<div class=\"elementor-column elementor-col-100 elementor-top-column elementor-element elementor-element-2fedbaa\" data-id=\"2fedbaa\" data-element_type=\"column\" data-e-type=\"column\" data-settings=\"{&quot;background_background&quot;:&quot;classic&quot;}\">\n\t\t\t<div class=\"elementor-widget-wrap elementor-element-populated\">\n\t\t\t\t\t\t<section class=\"elementor-section elementor-inner-section elementor-element elementor-element-457ce22 elementor-section-boxed elementor-section-height-default elementor-section-height-default\" data-id=\"457ce22\" data-element_type=\"section\" data-e-type=\"section\" data-settings=\"{&quot;_ha_eqh_enable&quot;:false}\">\n\t\t\t\t\t\t<div class=\"elementor-container elementor-column-gap-default\">\n\t\t\t\t\t<div class=\"elementor-column elementor-col-50 elementor-inner-column elementor-element elementor-element-1b5eac0\" data-id=\"1b5eac0\" data-element_type=\"column\" data-e-type=\"column\">\n\t\t\t<div class=\"elementor-widget-wrap elementor-element-populated\">\n\t\t\t\t\t\t<div class=\"elementor-element elementor-element-d571434 elementor-widget elementor-widget-heading\" data-id=\"d571434\" data-element_type=\"widget\" data-e-type=\"widget\" data-widget_type=\"heading.default\">\n\t\t\t\t<div class=\"elementor-widget-container\">\n\t\t\t\t\t<h1 class=\"elementor-heading-title elementor-size-default\">Contact<\/h1>\t\t\t\t<\/div>\n\t\t\t\t<\/div>\n\t\t\t\t\t<\/div>\n\t\t<\/div>\n\t\t\t\t<div class=\"elementor-column elementor-col-50 elementor-inner-column elementor-element elementor-element-a5bb0a0\" data-id=\"a5bb0a0\" data-element_type=\"column\" data-e-type=\"column\">\n\t\t\t<div class=\"elementor-widget-wrap elementor-element-populated\">\n\t\t\t\t\t\t<div class=\"elementor-element elementor-element-6ae53d4 elementor-widget elementor-widget-text-editor\" data-id=\"6ae53d4\" data-element_type=\"widget\" data-e-type=\"widget\" data-widget_type=\"text-editor.default\">\n\t\t\t\t<div class=\"elementor-widget-container\">\n\t\t\t\t\t\t\t\t\t<p>Des questions, un projet\u00a0? N\u2019h\u00e9sitez pas \u00e0 nous contacter, nous aimons partager notre m\u00e9tier.<\/p>\t\t\t\t\t\t\t\t<\/div>\n\t\t\t\t<\/div>\n\t\t\t\t<div data-ha-element-link=\"{&quot;url&quot;:&quot;tel:0169022600&quot;,&quot;is_external&quot;:&quot;&quot;,&quot;nofollow&quot;:&quot;&quot;}\" style=\"cursor: pointer\" class=\"elementor-element elementor-element-5fdbab1 elementor-widget elementor-widget-text-editor\" data-id=\"5fdbab1\" data-element_type=\"widget\" data-e-type=\"widget\" data-widget_type=\"text-editor.default\">\n\t\t\t\t<div class=\"elementor-widget-container\">\n\t\t\t\t\t\t\t\t\t<p>T\u00e9l. : +33 1 69 02 26 00<\/p>\t\t\t\t\t\t\t\t<\/div>\n\t\t\t\t<\/div>\n\t\t\t\t\t<\/div>\n\t\t<\/div>\n\t\t\t\t\t<\/div>\n\t\t<\/section>\n\t\t\t\t<section class=\"elementor-section elementor-inner-section elementor-element elementor-element-2426e82 elementor-section-boxed elementor-section-height-default elementor-section-height-default\" data-id=\"2426e82\" data-element_type=\"section\" data-e-type=\"section\" data-settings=\"{&quot;_ha_eqh_enable&quot;:false}\">\n\t\t\t\t\t\t<div class=\"elementor-container elementor-column-gap-default\">\n\t\t\t\t\t<div class=\"elementor-column elementor-col-100 elementor-inner-column elementor-element elementor-element-5d5e31e\" data-id=\"5d5e31e\" data-element_type=\"column\" data-e-type=\"column\">\n\t\t\t<div class=\"elementor-widget-wrap elementor-element-populated\">\n\t\t\t\t\t\t<div class=\"elementor-element elementor-element-277a27e elementor-button-align-center elementor-widget elementor-widget-form\" data-id=\"277a27e\" data-element_type=\"widget\" data-e-type=\"widget\" data-settings=\"{&quot;step_next_label&quot;:&quot;Suivant&quot;,&quot;step_previous_label&quot;:&quot;Pr\\u00e9c\\u00e9dent&quot;,&quot;button_width&quot;:&quot;100&quot;,&quot;step_type&quot;:&quot;number_text&quot;,&quot;step_icon_shape&quot;:&quot;circle&quot;}\" data-widget_type=\"form.default\">\n\t\t\t\t<div class=\"elementor-widget-container\">\n\t\t\t\t\t\t\t<form class=\"elementor-form\" method=\"post\" name=\"Nouveau formulaire\" aria-label=\"Nouveau formulaire\">\n\t\t\t<input type=\"hidden\" name=\"post_id\" value=\"745\"\/>\n\t\t\t<input type=\"hidden\" name=\"form_id\" value=\"277a27e\"\/>\n\t\t\t<input type=\"hidden\" name=\"referer_title\" value=\"Fine Packaging Manufacturers - Contact et Coordonn\u00e9es\" \/>\n\n\t\t\t\t\t\t\t<input type=\"hidden\" name=\"queried_id\" value=\"745\"\/>\n\t\t\t\n\t\t\t<div class=\"elementor-form-fields-wrapper elementor-labels-above\">\n\t\t\t\t\t\t\t\t<div class=\"elementor-field-type-text elementor-field-group elementor-column elementor-field-group-name elementor-col-60 elementor-field-required\">\n\t\t\t\t\t\t\t\t\t\t\t\t<label for=\"form-field-name\" class=\"elementor-field-label\">\n\t\t\t\t\t\t\t\tVotre nom (obligatoire)\t\t\t\t\t\t\t<\/label>\n\t\t\t\t\t\t\t\t\t\t\t\t\t\t<input size=\"1\" type=\"text\" name=\"form_fields[name]\" id=\"form-field-name\" class=\"elementor-field elementor-size-sm  elementor-field-textual\" required=\"required\">\n\t\t\t\t\t\t\t\t\t\t\t<\/div>\n\t\t\t\t\t\t\t\t<div class=\"elementor-field-type-email elementor-field-group elementor-column elementor-field-group-email elementor-col-60 elementor-field-required\">\n\t\t\t\t\t\t\t\t\t\t\t\t<label for=\"form-field-email\" class=\"elementor-field-label\">\n\t\t\t\t\t\t\t\tVotre e-mail (obligatoire)\t\t\t\t\t\t\t<\/label>\n\t\t\t\t\t\t\t\t\t\t\t\t\t\t<input size=\"1\" type=\"email\" name=\"form_fields[email]\" id=\"form-field-email\" class=\"elementor-field elementor-size-sm  elementor-field-textual\" required=\"required\">\n\t\t\t\t\t\t\t\t\t\t\t<\/div>\n\t\t\t\t\t\t\t\t<div class=\"elementor-field-type-text elementor-field-group elementor-column elementor-field-group-field_9df9829 elementor-col-60 elementor-field-required\">\n\t\t\t\t\t\t\t\t\t\t\t\t<label for=\"form-field-field_9df9829\" class=\"elementor-field-label\">\n\t\t\t\t\t\t\t\tSujet (obligatoire)\t\t\t\t\t\t\t<\/label>\n\t\t\t\t\t\t\t\t\t\t\t\t\t\t<input size=\"1\" type=\"text\" name=\"form_fields[field_9df9829]\" id=\"form-field-field_9df9829\" class=\"elementor-field elementor-size-sm  elementor-field-textual\" required=\"required\">\n\t\t\t\t\t\t\t\t\t\t\t<\/div>\n\t\t\t\t\t\t\t\t<div class=\"elementor-field-type-textarea elementor-field-group elementor-column elementor-field-group-message elementor-col-100\">\n\t\t\t\t\t\t\t\t\t\t\t\t<label for=\"form-field-message\" class=\"elementor-field-label\">\n\t\t\t\t\t\t\t\tMessage\t\t\t\t\t\t\t<\/label>\n\t\t\t\t\t\t<textarea class=\"elementor-field-textual elementor-field  elementor-size-sm\" name=\"form_fields[message]\" id=\"form-field-message\" rows=\"13\"><\/textarea>\t\t\t\t<\/div>\n\t\t\t\t\t\t\t\t<div class=\"elementor-field-type-checkbox elementor-field-group elementor-column elementor-field-group-field_945dc65 elementor-col-100\">\n\t\t\t\t\t<div class=\"elementor-field-subgroup  \"><span class=\"elementor-field-option\"><input type=\"checkbox\" value=\"J&#039;ai lu et j&#039;accepte &lt;a href=&quot;\/politique-de-confidentialite&quot;&gt; la politique de confidentialit\u00e9 des donn\u00e9es&lt;\/a&gt;\" id=\"form-field-field_945dc65-0\" name=\"form_fields[field_945dc65]\"> <label for=\"form-field-field_945dc65-0\">J'ai lu et j'accepte <a href=\"\/politique-de-confidentialite\"> la politique de confidentialit\u00e9 des donn\u00e9es<\/a><\/label><\/span><\/div>\t\t\t\t<\/div>\n\t\t\t\t\t\t\t\t<div class=\"elementor-field-type-recaptcha_v3 elementor-field-group elementor-column elementor-field-group-field_69ee9fc elementor-col-100 recaptcha_v3-bottomright\">\n\t\t\t\t\t<div class=\"elementor-field\" id=\"form-field-field_69ee9fc\"><div class=\"elementor-g-recaptcha\" data-sitekey=\"6LcoKVIoAAAAAMUJlj7Fk6LDx5Vbdy0BOaJ3mqQz\" data-type=\"v3\" data-action=\"Form\" data-badge=\"bottomright\" data-size=\"invisible\"><\/div><\/div>\t\t\t\t<\/div>\n\t\t\t\t\t\t\t\t<div class=\"elementor-field-group elementor-column elementor-field-type-submit elementor-col-100 e-form__buttons\">\n\t\t\t\t\t<button class=\"elementor-button elementor-size-sm\" type=\"submit\" id=\"form_fpm\">\n\t\t\t\t\t\t<span class=\"elementor-button-content-wrapper\">\n\t\t\t\t\t\t\t\t\t\t\t\t\t\t\t\t\t\t\t\t\t\t<span class=\"elementor-button-text\">Envoyer<\/span>\n\t\t\t\t\t\t\t\t\t\t\t\t\t<\/span>\n\t\t\t\t\t<\/button>\n\t\t\t\t<\/div>\n\t\t\t<\/div>\n\t\t<\/form>\n\t\t\t\t\t\t<\/div>\n\t\t\t\t<\/div>\n\t\t\t\t\t<\/div>\n\t\t<\/div>\n\t\t\t\t\t<\/div>\n\t\t<\/section>\n\t\t\t\t\t<\/div>\n\t\t<\/div>\n\t\t\t\t\t<\/div>\n\t\t<\/section>\n\t\t\t\t<section class=\"elementor-section elementor-top-section elementor-element elementor-element-8e5c529 elementor-hidden-mobile elementor-section-boxed elementor-section-height-default elementor-section-height-default\" data-id=\"8e5c529\" data-element_type=\"section\" data-e-type=\"section\" data-settings=\"{&quot;background_background&quot;:&quot;classic&quot;,&quot;_ha_eqh_enable&quot;:false}\">\n\t\t\t\t\t\t\t<div class=\"elementor-background-overlay\"><\/div>\n\t\t\t\t\t\t\t<div class=\"elementor-container elementor-column-gap-default\">\n\t\t\t\t\t<div class=\"elementor-column elementor-col-33 elementor-top-column elementor-element elementor-element-cf791e4\" data-id=\"cf791e4\" data-element_type=\"column\" data-e-type=\"column\">\n\t\t\t<div class=\"elementor-widget-wrap elementor-element-populated\">\n\t\t\t\t\t\t<div class=\"elementor-element elementor-element-6efe973 elementor-position-top elementor-widget elementor-widget-image-box\" data-id=\"6efe973\" data-element_type=\"widget\" data-e-type=\"widget\" data-widget_type=\"image-box.default\">\n\t\t\t\t<div class=\"elementor-widget-container\">\n\t\t\t\t\t<div class=\"elementor-image-box-wrapper\"><figure class=\"elementor-image-box-img\"><img fetchpriority=\"high\" decoding=\"async\" width=\"560\" height=\"458\" src=\"https:\/\/www.finepackagingmanufacturers.com\/wp-content\/uploads\/2023\/09\/FPM-PORTUGAL.png\" class=\"attachment-full size-full wp-image-3664\" alt=\"\" srcset=\"https:\/\/www.finepackagingmanufacturers.com\/wp-content\/uploads\/2023\/09\/FPM-PORTUGAL.png 560w, https:\/\/www.finepackagingmanufacturers.com\/wp-content\/uploads\/2023\/09\/FPM-PORTUGAL-300x245.png 300w, https:\/\/www.finepackagingmanufacturers.com\/wp-content\/uploads\/2023\/09\/FPM-PORTUGAL-15x12.png 15w, https:\/\/www.finepackagingmanufacturers.com\/wp-content\/uploads\/2023\/09\/FPM-PORTUGAL-500x409.png 500w\" sizes=\"(max-width: 560px) 100vw, 560px\" \/><\/figure><div class=\"elementor-image-box-content\"><p class=\"elementor-image-box-description\"><b>NEVACRIL<\/b> <br>\nRua Eng. Carlos <br>\nAlberto Martins,  <br>\n4905-042 - Balug\u00e3es  <br>\nPortugal<\/p><\/div><\/div>\t\t\t\t<\/div>\n\t\t\t\t<\/div>\n\t\t\t\t\t<\/div>\n\t\t<\/div>\n\t\t\t\t<div class=\"elementor-column elementor-col-33 elementor-top-column elementor-element elementor-element-ae77d31\" data-id=\"ae77d31\" data-element_type=\"column\" data-e-type=\"column\">\n\t\t\t<div class=\"elementor-widget-wrap elementor-element-populated\">\n\t\t\t\t\t\t<div class=\"elementor-element elementor-element-c115fa6 elementor-position-top elementor-widget elementor-widget-image-box\" data-id=\"c115fa6\" data-element_type=\"widget\" data-e-type=\"widget\" data-widget_type=\"image-box.default\">\n\t\t\t\t<div class=\"elementor-widget-container\">\n\t\t\t\t\t<div class=\"elementor-image-box-wrapper\"><figure class=\"elementor-image-box-img\"><img decoding=\"async\" width=\"560\" height=\"458\" src=\"https:\/\/www.finepackagingmanufacturers.com\/wp-content\/uploads\/2023\/09\/FPM-FRANCE.png\" class=\"attachment-full size-full wp-image-3658\" alt=\"\" srcset=\"https:\/\/www.finepackagingmanufacturers.com\/wp-content\/uploads\/2023\/09\/FPM-FRANCE.png 560w, https:\/\/www.finepackagingmanufacturers.com\/wp-content\/uploads\/2023\/09\/FPM-FRANCE-300x245.png 300w, https:\/\/www.finepackagingmanufacturers.com\/wp-content\/uploads\/2023\/09\/FPM-FRANCE-15x12.png 15w, https:\/\/www.finepackagingmanufacturers.com\/wp-content\/uploads\/2023\/09\/FPM-FRANCE-500x409.png 500w\" sizes=\"(max-width: 560px) 100vw, 560px\" \/><\/figure><div class=\"elementor-image-box-content\"><p class=\"elementor-image-box-description\"><b>NORLINE <\/b> <br>\n6 Rue de l'Abb\u00e9 Gr\u00e9goire, <br>\n91350 Grigny  <br>\nFrance  <\/p><\/div><\/div>\t\t\t\t<\/div>\n\t\t\t\t<\/div>\n\t\t\t\t\t<\/div>\n\t\t<\/div>\n\t\t\t\t<div class=\"elementor-column elementor-col-33 elementor-top-column elementor-element elementor-element-4b10e6f\" data-id=\"4b10e6f\" data-element_type=\"column\" data-e-type=\"column\">\n\t\t\t<div class=\"elementor-widget-wrap elementor-element-populated\">\n\t\t\t\t\t\t<div class=\"elementor-element elementor-element-698f413 elementor-position-top elementor-widget elementor-widget-image-box\" data-id=\"698f413\" data-element_type=\"widget\" data-e-type=\"widget\" data-widget_type=\"image-box.default\">\n\t\t\t\t<div class=\"elementor-widget-container\">\n\t\t\t\t\t<div class=\"elementor-image-box-wrapper\"><figure class=\"elementor-image-box-img\"><img decoding=\"async\" width=\"1167\" height=\"955\" src=\"https:\/\/www.finepackagingmanufacturers.com\/wp-content\/uploads\/2025\/02\/FPM-Thailande.png\" class=\"attachment-full size-full wp-image-8359\" alt=\"\" \/><\/figure><div class=\"elementor-image-box-content\"><p class=\"elementor-image-box-description\"><b>DiamPack Thailand <\/b> <br>\nTong Grow Industrial Town  <br>\n223, Khlong Tamru,  <br>\nChon Buri District,  Chon Buri<br>\n\n20000 Tha\u00eflande\n<\/p><\/div><\/div>\t\t\t\t<\/div>\n\t\t\t\t<\/div>\n\t\t\t\t\t<\/div>\n\t\t<\/div>\n\t\t\t\t\t<\/div>\n\t\t<\/section>\n\t\t<div class=\"elementor-element elementor-element-70b1e08 elementor-hidden-desktop elementor-hidden-tablet e-flex e-con-boxed e-con e-parent\" data-id=\"70b1e08\" data-element_type=\"container\" data-e-type=\"container\" data-settings=\"{&quot;background_background&quot;:&quot;classic&quot;,&quot;_ha_eqh_enable&quot;:false}\">\n\t\t\t\t\t<div class=\"e-con-inner\">\n\t\t\t\t<div class=\"elementor-element elementor-element-e8a3f09 elementor--h-position-left elementor--v-position-bottom elementor-arrows-position-inside elementor-widget elementor-widget-slides\" data-id=\"e8a3f09\" data-element_type=\"widget\" data-e-type=\"widget\" data-settings=\"{&quot;navigation&quot;:&quot;arrows&quot;,&quot;infinite&quot;:&quot;yes&quot;,&quot;transition&quot;:&quot;slide&quot;,&quot;transition_speed&quot;:500}\" data-widget_type=\"slides.default\">\n\t\t\t\t<div class=\"elementor-widget-container\">\n\t\t\t\t\t\t\t\t\t<div class=\"elementor-swiper\">\n\t\t\t\t\t<div class=\"elementor-slides-wrapper elementor-main-swiper swiper\" role=\"region\" aria-roledescription=\"carousel\" aria-label=\"Diapositives\" dir=\"ltr\" data-animation=\"\">\n\t\t\t\t<div class=\"swiper-wrapper elementor-slides\">\n\t\t\t\t\t\t\t\t\t\t<div class=\"elementor-repeater-item-914331b swiper-slide\" role=\"group\" aria-roledescription=\"slide\"><div class=\"swiper-slide-bg\" role=\"img\" aria-label=\"Nevacril\"><\/div><div class=\"swiper-slide-inner\" ><div class=\"swiper-slide-contents\"><div class=\"elementor-slide-heading\">NEVACRIL<\/div><div class=\"elementor-slide-description\">Rua Eng. Carlos<br>\nAlberto Martins,<br>\n4905-042 - Balug\u00e3es<br>\nPortugal<\/div><\/div><\/div><\/div><div class=\"elementor-repeater-item-e533f4c swiper-slide\" role=\"group\" aria-roledescription=\"slide\"><div class=\"swiper-slide-bg\" role=\"img\" aria-label=\"Norline\"><\/div><div class=\"swiper-slide-inner\" ><div class=\"swiper-slide-contents\"><div class=\"elementor-slide-heading\">NORLINE<\/div><div class=\"elementor-slide-description\">6 Rue de l'Abb\u00e9 Gr\u00e9goire,<br>\n91350 Grigny<br>\nFrance<\/div><\/div><\/div><\/div><div class=\"elementor-repeater-item-57646f7 swiper-slide\" role=\"group\" aria-roledescription=\"slide\"><div class=\"swiper-slide-bg\" role=\"img\" aria-label=\"DiamPack Thailand\"><\/div><div class=\"swiper-slide-inner\" ><div class=\"swiper-slide-contents\"><div class=\"elementor-slide-heading\">DiamPack Thailand<\/div><div class=\"elementor-slide-description\">Tong Grow Industrial Town<br>\n223, Khlong Tamru,<br>\nChon Buri District, Chon Buri<br>\n20000 Tha\u00eflande<\/div><\/div><\/div><\/div>\t\t\t\t<\/div>\n\t\t\t\t\t\t\t\t\t\t\t\t\t\t\t<div class=\"elementor-swiper-button elementor-swiper-button-prev\" role=\"button\" tabindex=\"0\" aria-label=\"Diapositive pr\u00e9c\u00e9dente\">\n\t\t\t\t\t\t\t<i aria-hidden=\"true\" class=\"eicon-chevron-left\"><\/i>\t\t\t\t\t\t<\/div>\n\t\t\t\t\t\t<div class=\"elementor-swiper-button elementor-swiper-button-next\" role=\"button\" tabindex=\"0\" aria-label=\"Diapositive suivante\">\n\t\t\t\t\t\t\t<i aria-hidden=\"true\" class=\"eicon-chevron-right\"><\/i>\t\t\t\t\t\t<\/div>\n\t\t\t\t\t\t\t\t\t\t\t\t\t\t\t\t\t<\/div>\n\t\t\t\t<\/div>\n\t\t\t\t\t\t\t\t<\/div>\n\t\t\t\t<\/div>\n\t\t\t\t\t<\/div>\n\t\t\t\t<\/div>\n\t\t\t\t<\/div>\n\t\t","protected":false},"excerpt":{"rendered":"<p>Contact Des questions, un projet\u00a0? N\u2019h\u00e9sitez pas \u00e0 nous contacter, nous aimons partager notre m\u00e9tier. T\u00e9l. : +33 1 69 02 26 00 NEVACRIL Rua Eng. Carlos Alberto Martins, 4905-042 &#8211; Balug\u00e3es Portugal NORLINE 6 Rue de l&rsquo;Abb\u00e9 Gr\u00e9goire, 91350 Grigny France DiamPack Thailand Tong Grow Industrial Town 223, Khlong Tamru, Chon Buri District, Chon [&hellip;]<\/p>\n","protected":false},"author":1,"featured_media":16,"parent":0,"menu_order":0,"comment_status":"closed","ping_status":"closed","template":"","meta":{"_acf_changed":false,"inline_featured_image":false,"_vp_format_video_url":"","_vp_image_focal_point":[],"footnotes":""},"class_list":["post-745","page","type-page","status-publish","has-post-thumbnail","hentry","entry","has-media"],"acf":[],"yoast_head":"<!-- This site is optimized with the Yoast SEO plugin v27.0 - https:\/\/yoast.com\/product\/yoast-seo-wordpress\/ -->\n<title>Fine Packaging Manufacturers - Contact et Coordonn\u00e9es<\/title>\n<meta name=\"description\" content=\"N&#039;h\u00e9sitez pas \u00e0 nous adresser un message via le formulaire de contact ou \u00e0 l&#039;aide des coordonn\u00e9es du site pour toutes \u00e9ventuelles questions\" \/>\n<meta name=\"robots\" content=\"index, follow, max-snippet:-1, max-image-preview:large, max-video-preview:-1\" \/>\n<link rel=\"canonical\" href=\"https:\/\/www.finepackagingmanufacturers.com\/en\/contact\/\" \/>\n<meta property=\"og:locale\" content=\"en_GB\" \/>\n<meta property=\"og:type\" content=\"article\" \/>\n<meta property=\"og:title\" content=\"Fine Packaging Manufacturers - Contact et Coordonn\u00e9es\" \/>\n<meta property=\"og:description\" content=\"N&#039;h\u00e9sitez pas \u00e0 nous adresser un message via le formulaire de contact ou \u00e0 l&#039;aide des coordonn\u00e9es du site pour toutes \u00e9ventuelles questions\" \/>\n<meta property=\"og:url\" content=\"https:\/\/www.finepackagingmanufacturers.com\/en\/contact\/\" \/>\n<meta property=\"og:site_name\" content=\"Fine Packaging Manufacturers\" \/>\n<meta property=\"article:modified_time\" content=\"2025-02-28T15:51:00+00:00\" \/>\n<meta property=\"og:image\" content=\"https:\/\/www.finepackagingmanufacturers.com\/wp-content\/uploads\/2023\/08\/logo.png\" \/>\n\t<meta property=\"og:image:width\" content=\"1212\" \/>\n\t<meta property=\"og:image:height\" content=\"1212\" \/>\n\t<meta property=\"og:image:type\" content=\"image\/png\" \/>\n<meta name=\"twitter:card\" content=\"summary_large_image\" \/>\n<meta name=\"twitter:label1\" content=\"Estimated reading time\" \/>\n\t<meta name=\"twitter:data1\" content=\"2 minutes\" \/>\n<script type=\"application\/ld+json\" class=\"yoast-schema-graph\">{\"@context\":\"https:\/\/schema.org\",\"@graph\":[{\"@type\":\"WebPage\",\"@id\":\"https:\/\/www.finepackagingmanufacturers.com\/contact\/\",\"url\":\"https:\/\/www.finepackagingmanufacturers.com\/contact\/\",\"name\":\"Fine Packaging Manufacturers - Contact et Coordonn\u00e9es\",\"isPartOf\":{\"@id\":\"https:\/\/www.finepackagingmanufacturers.com\/#website\"},\"primaryImageOfPage\":{\"@id\":\"https:\/\/www.finepackagingmanufacturers.com\/contact\/#primaryimage\"},\"image\":{\"@id\":\"https:\/\/www.finepackagingmanufacturers.com\/contact\/#primaryimage\"},\"thumbnailUrl\":\"https:\/\/www.finepackagingmanufacturers.com\/wp-content\/uploads\/2023\/08\/logo.png\",\"datePublished\":\"2023-08-03T12:15:44+00:00\",\"dateModified\":\"2025-02-28T15:51:00+00:00\",\"description\":\"N'h\u00e9sitez pas \u00e0 nous adresser un message via le formulaire de contact ou \u00e0 l'aide des coordonn\u00e9es du site pour toutes \u00e9ventuelles questions\",\"breadcrumb\":{\"@id\":\"https:\/\/www.finepackagingmanufacturers.com\/contact\/#breadcrumb\"},\"inLanguage\":\"en-GB\",\"potentialAction\":[{\"@type\":\"ReadAction\",\"target\":[\"https:\/\/www.finepackagingmanufacturers.com\/contact\/\"]}]},{\"@type\":\"ImageObject\",\"inLanguage\":\"en-GB\",\"@id\":\"https:\/\/www.finepackagingmanufacturers.com\/contact\/#primaryimage\",\"url\":\"https:\/\/www.finepackagingmanufacturers.com\/wp-content\/uploads\/2023\/08\/logo.png\",\"contentUrl\":\"https:\/\/www.finepackagingmanufacturers.com\/wp-content\/uploads\/2023\/08\/logo.png\",\"width\":1212,\"height\":1212},{\"@type\":\"BreadcrumbList\",\"@id\":\"https:\/\/www.finepackagingmanufacturers.com\/contact\/#breadcrumb\",\"itemListElement\":[{\"@type\":\"ListItem\",\"position\":1,\"name\":\"Accueil\",\"item\":\"https:\/\/www.finepackagingmanufacturers.com\/\"},{\"@type\":\"ListItem\",\"position\":2,\"name\":\"Contact\"}]},{\"@type\":\"WebSite\",\"@id\":\"https:\/\/www.finepackagingmanufacturers.com\/#website\",\"url\":\"https:\/\/www.finepackagingmanufacturers.com\/\",\"name\":\"Fine Packaging Manufacturers\",\"description\":\"FPM\",\"potentialAction\":[{\"@type\":\"SearchAction\",\"target\":{\"@type\":\"EntryPoint\",\"urlTemplate\":\"https:\/\/www.finepackagingmanufacturers.com\/?s={search_term_string}\"},\"query-input\":{\"@type\":\"PropertyValueSpecification\",\"valueRequired\":true,\"valueName\":\"search_term_string\"}}],\"inLanguage\":\"en-GB\"}]}<\/script>\n<!-- \/ Yoast SEO plugin. -->","yoast_head_json":{"title":"Fine Packaging Manufacturers - Contact et Coordonn\u00e9es","description":"N'h\u00e9sitez pas \u00e0 nous adresser un message via le formulaire de contact ou \u00e0 l'aide des coordonn\u00e9es du site pour toutes \u00e9ventuelles questions","robots":{"index":"index","follow":"follow","max-snippet":"max-snippet:-1","max-image-preview":"max-image-preview:large","max-video-preview":"max-video-preview:-1"},"canonical":"https:\/\/www.finepackagingmanufacturers.com\/en\/contact\/","og_locale":"en_GB","og_type":"article","og_title":"Fine Packaging Manufacturers - Contact et Coordonn\u00e9es","og_description":"N'h\u00e9sitez pas \u00e0 nous adresser un message via le formulaire de contact ou \u00e0 l'aide des coordonn\u00e9es du site pour toutes \u00e9ventuelles questions","og_url":"https:\/\/www.finepackagingmanufacturers.com\/en\/contact\/","og_site_name":"Fine Packaging Manufacturers","article_modified_time":"2025-02-28T15:51:00+00:00","og_image":[{"width":1212,"height":1212,"url":"https:\/\/www.finepackagingmanufacturers.com\/wp-content\/uploads\/2023\/08\/logo.png","type":"image\/png"}],"twitter_card":"summary_large_image","twitter_misc":{"Estimated reading time":"2 minutes"},"schema":{"@context":"https:\/\/schema.org","@graph":[{"@type":"WebPage","@id":"https:\/\/www.finepackagingmanufacturers.com\/contact\/","url":"https:\/\/www.finepackagingmanufacturers.com\/contact\/","name":"Fine Packaging Manufacturers - Contact et Coordonn\u00e9es","isPartOf":{"@id":"https:\/\/www.finepackagingmanufacturers.com\/#website"},"primaryImageOfPage":{"@id":"https:\/\/www.finepackagingmanufacturers.com\/contact\/#primaryimage"},"image":{"@id":"https:\/\/www.finepackagingmanufacturers.com\/contact\/#primaryimage"},"thumbnailUrl":"https:\/\/www.finepackagingmanufacturers.com\/wp-content\/uploads\/2023\/08\/logo.png","datePublished":"2023-08-03T12:15:44+00:00","dateModified":"2025-02-28T15:51:00+00:00","description":"N'h\u00e9sitez pas \u00e0 nous adresser un message via le formulaire de contact ou \u00e0 l'aide des coordonn\u00e9es du site pour toutes \u00e9ventuelles questions","breadcrumb":{"@id":"https:\/\/www.finepackagingmanufacturers.com\/contact\/#breadcrumb"},"inLanguage":"en-GB","potentialAction":[{"@type":"ReadAction","target":["https:\/\/www.finepackagingmanufacturers.com\/contact\/"]}]},{"@type":"ImageObject","inLanguage":"en-GB","@id":"https:\/\/www.finepackagingmanufacturers.com\/contact\/#primaryimage","url":"https:\/\/www.finepackagingmanufacturers.com\/wp-content\/uploads\/2023\/08\/logo.png","contentUrl":"https:\/\/www.finepackagingmanufacturers.com\/wp-content\/uploads\/2023\/08\/logo.png","width":1212,"height":1212},{"@type":"BreadcrumbList","@id":"https:\/\/www.finepackagingmanufacturers.com\/contact\/#breadcrumb","itemListElement":[{"@type":"ListItem","position":1,"name":"Accueil","item":"https:\/\/www.finepackagingmanufacturers.com\/"},{"@type":"ListItem","position":2,"name":"Contact"}]},{"@type":"WebSite","@id":"https:\/\/www.finepackagingmanufacturers.com\/#website","url":"https:\/\/www.finepackagingmanufacturers.com\/","name":"Fine Packaging Manufacturers","description":"FPM","potentialAction":[{"@type":"SearchAction","target":{"@type":"EntryPoint","urlTemplate":"https:\/\/www.finepackagingmanufacturers.com\/?s={search_term_string}"},"query-input":{"@type":"PropertyValueSpecification","valueRequired":true,"valueName":"search_term_string"}}],"inLanguage":"en-GB"}]}},"_links":{"self":[{"href":"https:\/\/www.finepackagingmanufacturers.com\/en\/wp-json\/wp\/v2\/pages\/745","targetHints":{"allow":["GET"]}}],"collection":[{"href":"https:\/\/www.finepackagingmanufacturers.com\/en\/wp-json\/wp\/v2\/pages"}],"about":[{"href":"https:\/\/www.finepackagingmanufacturers.com\/en\/wp-json\/wp\/v2\/types\/page"}],"author":[{"embeddable":true,"href":"https:\/\/www.finepackagingmanufacturers.com\/en\/wp-json\/wp\/v2\/users\/1"}],"replies":[{"embeddable":true,"href":"https:\/\/www.finepackagingmanufacturers.com\/en\/wp-json\/wp\/v2\/comments?post=745"}],"version-history":[{"count":21,"href":"https:\/\/www.finepackagingmanufacturers.com\/en\/wp-json\/wp\/v2\/pages\/745\/revisions"}],"predecessor-version":[{"id":8362,"href":"https:\/\/www.finepackagingmanufacturers.com\/en\/wp-json\/wp\/v2\/pages\/745\/revisions\/8362"}],"wp:featuredmedia":[{"embeddable":true,"href":"https:\/\/www.finepackagingmanufacturers.com\/en\/wp-json\/wp\/v2\/media\/16"}],"wp:attachment":[{"href":"https:\/\/www.finepackagingmanufacturers.com\/en\/wp-json\/wp\/v2\/media?parent=745"}],"curies":[{"name":"wp","href":"https:\/\/api.w.org\/{rel}","templated":true}]}}